{"id":1501,"date":"2021-07-05T12:08:41","date_gmt":"2021-07-05T11:08:41","guid":{"rendered":"https:\/\/www.hoyarajewellery.com\/?page_id=1501"},"modified":"2024-11-07T17:08:00","modified_gmt":"2024-11-07T17:08:00","slug":"sobre","status":"publish","type":"page","link":"https:\/\/www.staging.hoyarajewellery.com\/en\/sobre\/","title":{"rendered":"About"},"content":{"rendered":"<h2>This is me, Sara In\u00eas Serafim, a dreamer and passionate about my work.<\/h2>\n<p>\t\t\t\t\t\t\t\t\t\t\t\t\t<img loading=\"lazy\" decoding=\"async\" width=\"1793\" height=\"1195\" src=\"https:\/\/www.staging.hoyarajewellery.com\/wp-content\/uploads\/2021\/07\/Atelier-3.jpg\" alt=\"\" srcset=\"https:\/\/www.staging.hoyarajewellery.com\/wp-content\/uploads\/2021\/07\/Atelier-3.jpg 1793w, https:\/\/www.staging.hoyarajewellery.com\/wp-content\/uploads\/2021\/07\/Atelier-3-300x200.jpg 300w, https:\/\/www.staging.hoyarajewellery.com\/wp-content\/uploads\/2021\/07\/Atelier-3-1024x682.jpg 1024w, https:\/\/www.staging.hoyarajewellery.com\/wp-content\/uploads\/2021\/07\/Atelier-3-768x512.jpg 768w, https:\/\/www.staging.hoyarajewellery.com\/wp-content\/uploads\/2021\/07\/Atelier-3-1536x1024.jpg 1536w, https:\/\/www.staging.hoyarajewellery.com\/wp-content\/uploads\/2021\/07\/Atelier-3-600x400.jpg 600w, https:\/\/www.staging.hoyarajewellery.com\/wp-content\/uploads\/2021\/07\/Atelier-3-800x533.jpg 800w\" sizes=\"auto, (max-width: 1793px) 100vw, 1793px\" \/><br \/>\n\t\t\t\t\t\t\t\t\t\t\t\t\t<img loading=\"lazy\" decoding=\"async\" width=\"1793\" height=\"1195\" src=\"https:\/\/www.staging.hoyarajewellery.com\/wp-content\/uploads\/2021\/07\/Atelier-3.jpg\" alt=\"\" srcset=\"https:\/\/www.staging.hoyarajewellery.com\/wp-content\/uploads\/2021\/07\/Atelier-3.jpg 1793w, https:\/\/www.staging.hoyarajewellery.com\/wp-content\/uploads\/2021\/07\/Atelier-3-300x200.jpg 300w, https:\/\/www.staging.hoyarajewellery.com\/wp-content\/uploads\/2021\/07\/Atelier-3-1024x682.jpg 1024w, https:\/\/www.staging.hoyarajewellery.com\/wp-content\/uploads\/2021\/07\/Atelier-3-768x512.jpg 768w, https:\/\/www.staging.hoyarajewellery.com\/wp-content\/uploads\/2021\/07\/Atelier-3-1536x1024.jpg 1536w, https:\/\/www.staging.hoyarajewellery.com\/wp-content\/uploads\/2021\/07\/Atelier-3-600x400.jpg 600w, https:\/\/www.staging.hoyarajewellery.com\/wp-content\/uploads\/2021\/07\/Atelier-3-800x533.jpg 800w\" sizes=\"auto, (max-width: 1793px) 100vw, 1793px\" \/>\t\t\t\t\t\t\t\t\t\t\t\t\t<\/p>\n<h2>Although my first training is as an Interior Designer, it was as a Jewelry Designer that I rediscovered my true essence of giving birth to jewelry with the work of my hands and that became my great special project.<\/h2>\n<p>\t\t\t\t\t\t\t\t\t\t\t\t\t<img loading=\"lazy\" decoding=\"async\" width=\"1793\" height=\"1195\" src=\"https:\/\/www.staging.hoyarajewellery.com\/wp-content\/uploads\/2021\/07\/Atelier-1.jpg\" alt=\"\" srcset=\"https:\/\/www.staging.hoyarajewellery.com\/wp-content\/uploads\/2021\/07\/Atelier-1.jpg 1793w, https:\/\/www.staging.hoyarajewellery.com\/wp-content\/uploads\/2021\/07\/Atelier-1-300x200.jpg 300w, https:\/\/www.staging.hoyarajewellery.com\/wp-content\/uploads\/2021\/07\/Atelier-1-1024x682.jpg 1024w, https:\/\/www.staging.hoyarajewellery.com\/wp-content\/uploads\/2021\/07\/Atelier-1-768x512.jpg 768w, https:\/\/www.staging.hoyarajewellery.com\/wp-content\/uploads\/2021\/07\/Atelier-1-1536x1024.jpg 1536w, https:\/\/www.staging.hoyarajewellery.com\/wp-content\/uploads\/2021\/07\/Atelier-1-600x400.jpg 600w, https:\/\/www.staging.hoyarajewellery.com\/wp-content\/uploads\/2021\/07\/Atelier-1-800x533.jpg 800w\" sizes=\"auto, (max-width: 1793px) 100vw, 1793px\" \/>\t\t\t\t\t\t\t\t\t\t\t\t\t<\/p>\n<h2>It is in my workshop in Vila Nova de Gaia that I blend design and the alchemy that the process of giving birth to jewelry contains.<\/h2>\n<p>\t\t\t\t\t\t\t\t\t\t\t\t\t<img loading=\"lazy\" decoding=\"async\" width=\"1793\" height=\"1195\" src=\"https:\/\/www.staging.hoyarajewellery.com\/wp-content\/uploads\/2021\/07\/Atelier-1.jpg\" alt=\"\" srcset=\"https:\/\/www.staging.hoyarajewellery.com\/wp-content\/uploads\/2021\/07\/Atelier-1.jpg 1793w, https:\/\/www.staging.hoyarajewellery.com\/wp-content\/uploads\/2021\/07\/Atelier-1-300x200.jpg 300w, https:\/\/www.staging.hoyarajewellery.com\/wp-content\/uploads\/2021\/07\/Atelier-1-1024x682.jpg 1024w, https:\/\/www.staging.hoyarajewellery.com\/wp-content\/uploads\/2021\/07\/Atelier-1-768x512.jpg 768w, https:\/\/www.staging.hoyarajewellery.com\/wp-content\/uploads\/2021\/07\/Atelier-1-1536x1024.jpg 1536w, https:\/\/www.staging.hoyarajewellery.com\/wp-content\/uploads\/2021\/07\/Atelier-1-600x400.jpg 600w, https:\/\/www.staging.hoyarajewellery.com\/wp-content\/uploads\/2021\/07\/Atelier-1-800x533.jpg 800w\" sizes=\"auto, (max-width: 1793px) 100vw, 1793px\" \/>\t\t\t\t\t\t\t\t\t\t\t\t\t<\/p>\n<h2>With the four elements of nature always present, air and fire for the design and water and earth as sources of my inspiration, I continue this journey always with the aim of bringing out the beauty that each woman and man carries with them.<\/h2>\n<p>\t\t\t\t\t\t\t\t\t\t\t\t\t<img loading=\"lazy\" decoding=\"async\" width=\"1793\" height=\"1195\" src=\"https:\/\/www.staging.hoyarajewellery.com\/wp-content\/uploads\/2021\/07\/Atelier-5.jpg\" alt=\"\" srcset=\"https:\/\/www.staging.hoyarajewellery.com\/wp-content\/uploads\/2021\/07\/Atelier-5.jpg 1793w, https:\/\/www.staging.hoyarajewellery.com\/wp-content\/uploads\/2021\/07\/Atelier-5-300x200.jpg 300w, https:\/\/www.staging.hoyarajewellery.com\/wp-content\/uploads\/2021\/07\/Atelier-5-1024x682.jpg 1024w, https:\/\/www.staging.hoyarajewellery.com\/wp-content\/uploads\/2021\/07\/Atelier-5-768x512.jpg 768w, https:\/\/www.staging.hoyarajewellery.com\/wp-content\/uploads\/2021\/07\/Atelier-5-1536x1024.jpg 1536w, https:\/\/www.staging.hoyarajewellery.com\/wp-content\/uploads\/2021\/07\/Atelier-5-600x400.jpg 600w, https:\/\/www.staging.hoyarajewellery.com\/wp-content\/uploads\/2021\/07\/Atelier-5-800x533.jpg 800w\" sizes=\"auto, (max-width: 1793px) 100vw, 1793px\" \/><br \/>\n\t\t\t\t\t\t\t\t\t\t\t\t\t<img loading=\"lazy\" decoding=\"async\" width=\"1793\" height=\"1195\" src=\"https:\/\/www.staging.hoyarajewellery.com\/wp-content\/uploads\/2021\/07\/Atelier-5.jpg\" alt=\"\" srcset=\"https:\/\/www.staging.hoyarajewellery.com\/wp-content\/uploads\/2021\/07\/Atelier-5.jpg 1793w, https:\/\/www.staging.hoyarajewellery.com\/wp-content\/uploads\/2021\/07\/Atelier-5-300x200.jpg 300w, https:\/\/www.staging.hoyarajewellery.com\/wp-content\/uploads\/2021\/07\/Atelier-5-1024x682.jpg 1024w, https:\/\/www.staging.hoyarajewellery.com\/wp-content\/uploads\/2021\/07\/Atelier-5-768x512.jpg 768w, https:\/\/www.staging.hoyarajewellery.com\/wp-content\/uploads\/2021\/07\/Atelier-5-1536x1024.jpg 1536w, https:\/\/www.staging.hoyarajewellery.com\/wp-content\/uploads\/2021\/07\/Atelier-5-600x400.jpg 600w, https:\/\/www.staging.hoyarajewellery.com\/wp-content\/uploads\/2021\/07\/Atelier-5-800x533.jpg 800w\" sizes=\"auto, (max-width: 1793px) 100vw, 1793px\" \/>\t\t\t\t\t\t\t\t\t\t\t\t\t<\/p>\n<h2>Hoyara Jewellery is my 100% Portuguese jewelry trademark, born from the fusion of the name of the plant Hoya Carnosa, which always blooms on my birthday, with my own name Sara.<\/h2>\n<h2>All Hoyara pieces are made in 925 silver and\/or 24 carat gold plated silver, always with the stamp of timelessness and with the care and dedication that my customers deserve.<\/h2>\n<p>\t\t\t\t\t\t\t\t\t\t\t\t\t<img loading=\"lazy\" decoding=\"async\" width=\"1024\" height=\"682\" src=\"https:\/\/www.staging.hoyarajewellery.com\/wp-content\/uploads\/2021\/07\/Atelier-2-1024x682.jpg\" alt=\"\" srcset=\"https:\/\/www.staging.hoyarajewellery.com\/wp-content\/uploads\/2021\/07\/Atelier-2-1024x682.jpg 1024w, https:\/\/www.staging.hoyarajewellery.com\/wp-content\/uploads\/2021\/07\/Atelier-2-300x200.jpg 300w, https:\/\/www.staging.hoyarajewellery.com\/wp-content\/uploads\/2021\/07\/Atelier-2-768x512.jpg 768w, https:\/\/www.staging.hoyarajewellery.com\/wp-content\/uploads\/2021\/07\/Atelier-2-1536x1024.jpg 1536w, https:\/\/www.staging.hoyarajewellery.com\/wp-content\/uploads\/2021\/07\/Atelier-2-600x400.jpg 600w, https:\/\/www.staging.hoyarajewellery.com\/wp-content\/uploads\/2021\/07\/Atelier-2-800x533.jpg 800w, https:\/\/www.staging.hoyarajewellery.com\/wp-content\/uploads\/2021\/07\/Atelier-2.jpg 1793w\" sizes=\"auto, (max-width: 1024px) 100vw, 1024px\" \/><br \/>\n\t\t\t\t\t\t\t\t\t\t\t\t\t<img loading=\"lazy\" decoding=\"async\" width=\"1024\" height=\"682\" src=\"https:\/\/www.staging.hoyarajewellery.com\/wp-content\/uploads\/2021\/07\/Atelier-4-1024x682.jpg\" alt=\"\" srcset=\"https:\/\/www.staging.hoyarajewellery.com\/wp-content\/uploads\/2021\/07\/Atelier-4-1024x682.jpg 1024w, https:\/\/www.staging.hoyarajewellery.com\/wp-content\/uploads\/2021\/07\/Atelier-4-300x200.jpg 300w, https:\/\/www.staging.hoyarajewellery.com\/wp-content\/uploads\/2021\/07\/Atelier-4-768x512.jpg 768w, https:\/\/www.staging.hoyarajewellery.com\/wp-content\/uploads\/2021\/07\/Atelier-4-1536x1024.jpg 1536w, https:\/\/www.staging.hoyarajewellery.com\/wp-content\/uploads\/2021\/07\/Atelier-4-600x400.jpg 600w, https:\/\/www.staging.hoyarajewellery.com\/wp-content\/uploads\/2021\/07\/Atelier-4-800x533.jpg 800w, https:\/\/www.staging.hoyarajewellery.com\/wp-content\/uploads\/2021\/07\/Atelier-4.jpg 1793w\" sizes=\"auto, (max-width: 1024px) 100vw, 1024px\" \/>\t\t\t\t\t\t\t\t\t\t\t\t\t<\/p>\n<h2>Occasionally, and whenever requested, I create pieces in gold or custom pieces outside of the regular collection, offering my craft for special events such as weddings, engagements, communions, etc.<\/h2>","protected":false},"excerpt":{"rendered":"<p>Esta sou eu, Sara In\u00eas Serafim, uma mulher sonhadora e apaixonada pelo meu trabalho. Embora a minha primeira forma\u00e7\u00e3o seja como Designer de Interiores, foi como Designer de Joalharia que redescobri a minha verdadeira ess\u00eancia de fazer nascer j\u00f3ias com o trabalho das minhas m\u00e3os e esse tornou-se o meu grande projeto especial. \u00c9 na [&hellip;]<\/p>\n","protected":false},"author":3,"featured_media":0,"parent":0,"menu_order":0,"comment_status":"closed","ping_status":"closed","template":"","meta":{"_acf_changed":false,"footnotes":""},"class_list":["post-1501","page","type-page","status-publish","hentry"],"acf":[],"_links":{"self":[{"href":"https:\/\/www.staging.hoyarajewellery.com\/en\/wp-json\/wp\/v2\/pages\/1501","targetHints":{"allow":["GET"]}}],"collection":[{"href":"https:\/\/www.staging.hoyarajewellery.com\/en\/wp-json\/wp\/v2\/pages"}],"about":[{"href":"https:\/\/www.staging.hoyarajewellery.com\/en\/wp-json\/wp\/v2\/types\/page"}],"author":[{"embeddable":true,"href":"https:\/\/www.staging.hoyarajewellery.com\/en\/wp-json\/wp\/v2\/users\/3"}],"replies":[{"embeddable":true,"href":"https:\/\/www.staging.hoyarajewellery.com\/en\/wp-json\/wp\/v2\/comments?post=1501"}],"version-history":[{"count":5,"href":"https:\/\/www.staging.hoyarajewellery.com\/en\/wp-json\/wp\/v2\/pages\/1501\/revisions"}],"predecessor-version":[{"id":5964,"href":"https:\/\/www.staging.hoyarajewellery.com\/en\/wp-json\/wp\/v2\/pages\/1501\/revisions\/5964"}],"wp:attachment":[{"href":"https:\/\/www.staging.hoyarajewellery.com\/en\/wp-json\/wp\/v2\/media?parent=1501"}],"curies":[{"name":"wp","href":"https:\/\/api.w.org\/{rel}","templated":true}]}}