{"id":4828,"date":"2022-06-08T11:09:18","date_gmt":"2022-06-08T10:09:18","guid":{"rendered":"https:\/\/www.hoyarajewellery.com\/?page_id=4828"},"modified":"2026-03-09T15:33:23","modified_gmt":"2026-03-09T15:33:23","slug":"inicio","status":"publish","type":"page","link":"https:\/\/www.staging.hoyarajewellery.com\/en\/","title":{"rendered":"Home"},"content":{"rendered":"<h2>New Collection<\/h2>\n<h2>Inversus<\/h2>\n<h2>40% de redu\u00e7\u00e3o<br \/>em pe\u00e7as selecionadas<\/h2>\n<h2>\u00faltimas oportunidades de 8 a 15 de novembro<\/h2>\n<p>\t\t\t\t\t<a href=\"https:\/\/www.staging.hoyarajewellery.com\/en\/ultimas-oportunidades\/\"><br \/>\n\t\t\t\t\t\t\t\t\tVER OFERTAS<br \/>\n\t\t\t\t\t<\/a><\/p>\n<h2>Highlights<\/h2>\n<p>\t\t\t\t\t<a href=\"https:\/\/www.staging.hoyarajewellery.com\/en\/loja\/\"><br \/>\n\t\t\t\t\t\t\t\t\tView store<br \/>\n\t\t\t\t\t<\/a><\/p>","protected":false},"excerpt":{"rendered":"<p>Nova Cole\u00e7\u00e3o Inversus 40% de redu\u00e7\u00e3oem pe\u00e7as selecionadas \u00faltimas oportunidades de 8 a 15 de novembro VER OFERTAS Destaques ver loja<\/p>","protected":false},"author":3,"featured_media":0,"parent":0,"menu_order":0,"comment_status":"closed","ping_status":"closed","template":"elementor_header_footer","meta":{"_acf_changed":false,"footnotes":""},"class_list":["post-4828","page","type-page","status-publish","hentry"],"acf":[],"_links":{"self":[{"href":"https:\/\/www.staging.hoyarajewellery.com\/en\/wp-json\/wp\/v2\/pages\/4828","targetHints":{"allow":["GET"]}}],"collection":[{"href":"https:\/\/www.staging.hoyarajewellery.com\/en\/wp-json\/wp\/v2\/pages"}],"about":[{"href":"https:\/\/www.staging.hoyarajewellery.com\/en\/wp-json\/wp\/v2\/types\/page"}],"author":[{"embeddable":true,"href":"https:\/\/www.staging.hoyarajewellery.com\/en\/wp-json\/wp\/v2\/users\/3"}],"replies":[{"embeddable":true,"href":"https:\/\/www.staging.hoyarajewellery.com\/en\/wp-json\/wp\/v2\/comments?post=4828"}],"version-history":[{"count":5,"href":"https:\/\/www.staging.hoyarajewellery.com\/en\/wp-json\/wp\/v2\/pages\/4828\/revisions"}],"predecessor-version":[{"id":6421,"href":"https:\/\/www.staging.hoyarajewellery.com\/en\/wp-json\/wp\/v2\/pages\/4828\/revisions\/6421"}],"wp:attachment":[{"href":"https:\/\/www.staging.hoyarajewellery.com\/en\/wp-json\/wp\/v2\/media?parent=4828"}],"curies":[{"name":"wp","href":"https:\/\/api.w.org\/{rel}","templated":true}]}}