{"id":5618,"date":"2023-08-09T22:35:44","date_gmt":"2023-08-09T21:35:44","guid":{"rendered":"https:\/\/www.hoyarajewellery.com\/?post_type=product&#038;p=5618"},"modified":"2026-04-05T16:40:18","modified_gmt":"2026-04-05T15:40:18","slug":"colar-anxiempathy-depresslove","status":"publish","type":"product","link":"https:\/\/www.staging.hoyarajewellery.com\/en\/product\/colar-anxiempathy-depresslove\/","title":{"rendered":"Anxiempathy &#038; Depresslove Necklace"},"content":{"rendered":"<p>This jewel represents the fight against anxiety and depression, two conditions that affect millions of people in the world. It symbolizes the importance of empathy and mutual support to overcome difficult times.<\/p>\n<p>&nbsp;<\/p>\n<p>The two hands touching are a gesture of affection and understanding, which can make a difference in the life of someone who is suffering. The color blue refers to water, an element that symbolizes emotions, fluidity and renewal.<\/p>\n<p>&nbsp;<\/p>\n<p>This jewel is a tribute to all who face anxiety and depression, and an invitation to look at them with love and respect.<\/p>","protected":false},"excerpt":{"rendered":"<p>Esta j\u00f3ia representa a luta contra a ansiedade e a depress\u00e3o, duas condi\u00e7\u00f5es que afetam milh\u00f5es de pessoas no mundo. Ela simboliza a import\u00e2ncia da empatia e do apoio m\u00fatuo para superar os momentos dif\u00edceis. &nbsp; As duas m\u00e3os que se tocam s\u00e3o um gesto de carinho e compreens\u00e3o, que podem fazer a diferen\u00e7a na [&hellip;]<\/p>\n","protected":false},"featured_media":5624,"template":"","meta":{"_acf_changed":false},"product_brand":[],"product_cat":[111,133],"product_tag":[],"class_list":{"0":"post-5618","1":"product","2":"type-product","3":"status-publish","4":"has-post-thumbnail","6":"product_cat-colares","7":"product_cat-anxiempathy-depresslove","9":"first","10":"instock","11":"shipping-taxable","12":"purchasable","13":"product-type-variable","14":"has-default-attributes"},"acf":[],"_links":{"self":[{"href":"https:\/\/www.staging.hoyarajewellery.com\/en\/wp-json\/wp\/v2\/product\/5618","targetHints":{"allow":["GET"]}}],"collection":[{"href":"https:\/\/www.staging.hoyarajewellery.com\/en\/wp-json\/wp\/v2\/product"}],"about":[{"href":"https:\/\/www.staging.hoyarajewellery.com\/en\/wp-json\/wp\/v2\/types\/product"}],"wp:featuredmedia":[{"embeddable":true,"href":"https:\/\/www.staging.hoyarajewellery.com\/en\/wp-json\/wp\/v2\/media\/5624"}],"wp:attachment":[{"href":"https:\/\/www.staging.hoyarajewellery.com\/en\/wp-json\/wp\/v2\/media?parent=5618"}],"wp:term":[{"taxonomy":"product_brand","embeddable":true,"href":"https:\/\/www.staging.hoyarajewellery.com\/en\/wp-json\/wp\/v2\/product_brand?post=5618"},{"taxonomy":"product_cat","embeddable":true,"href":"https:\/\/www.staging.hoyarajewellery.com\/en\/wp-json\/wp\/v2\/product_cat?post=5618"},{"taxonomy":"product_tag","embeddable":true,"href":"https:\/\/www.staging.hoyarajewellery.com\/en\/wp-json\/wp\/v2\/product_tag?post=5618"}],"curies":[{"name":"wp","href":"https:\/\/api.w.org\/{rel}","templated":true}]}}